{"id":138,"date":"2013-11-16T00:12:45","date_gmt":"2013-11-16T00:12:45","guid":{"rendered":"http:\/\/130.240.202.114\/?page_id=138"},"modified":"2023-12-27T18:38:02","modified_gmt":"2023-12-27T17:38:02","slug":"projekt","status":"publish","type":"page","link":"https:\/\/www.xp-el.com\/eng\/projekt\/","title":{"rendered":"Projects"},"content":{"rendered":"<p>Here are some interesting projects created by XP-el members:<\/p>\n<ul>\n<li><a title=\"KFly\" href=\"https:\/\/www.xp-el.com\/eng\/projekt\/kfly\/\">KFly <\/a>by Korken.<\/li>\n<li><a title=\"Levitator\" href=\"https:\/\/www.xp-el.com\/eng\/projekt\/levitator\/\">Levitator <\/a>by Stinrew och PaGGe.<\/li>\n<\/ul>\n<p>&nbsp;<\/p>","protected":false},"excerpt":{"rendered":"<p>H\u00e4r \u00e4r n\u00e5gra intressanta projekt av skapade av medlemmar: KFly av Korken. Levitator av Stinrew och PaGGe. &nbsp;<\/p>","protected":false},"author":1,"featured_media":0,"parent":0,"menu_order":7,"comment_status":"closed","ping_status":"closed","template":"","meta":{"footnotes":""},"class_list":["post-138","page","type-page","status-publish","hentry"],"_links":{"self":[{"href":"https:\/\/www.xp-el.com\/eng\/wp-json\/wp\/v2\/pages\/138","targetHints":{"allow":["GET"]}}],"collection":[{"href":"https:\/\/www.xp-el.com\/eng\/wp-json\/wp\/v2\/pages"}],"about":[{"href":"https:\/\/www.xp-el.com\/eng\/wp-json\/wp\/v2\/types\/page"}],"author":[{"embeddable":true,"href":"https:\/\/www.xp-el.com\/eng\/wp-json\/wp\/v2\/users\/1"}],"replies":[{"embeddable":true,"href":"https:\/\/www.xp-el.com\/eng\/wp-json\/wp\/v2\/comments?post=138"}],"version-history":[{"count":5,"href":"https:\/\/www.xp-el.com\/eng\/wp-json\/wp\/v2\/pages\/138\/revisions"}],"predecessor-version":[{"id":908,"href":"https:\/\/www.xp-el.com\/eng\/wp-json\/wp\/v2\/pages\/138\/revisions\/908"}],"wp:attachment":[{"href":"https:\/\/www.xp-el.com\/eng\/wp-json\/wp\/v2\/media?parent=138"}],"curies":[{"name":"wp","href":"https:\/\/api.w.org\/{rel}","templated":true}]}}