{"id":143,"date":"2013-11-16T00:15:54","date_gmt":"2013-11-16T00:15:54","guid":{"rendered":"http:\/\/130.240.202.114\/?page_id=143"},"modified":"2023-12-28T16:45:14","modified_gmt":"2023-12-28T15:45:14","slug":"levitator","status":"publish","type":"page","link":"https:\/\/www.xp-el.com\/eng\/projekt\/levitator\/","title":{"rendered":"Levitator"},"content":{"rendered":"<p>The Levitator is a device that combines an electromagnet and some control circuitry to make things levitate in mid air.<\/p>\n<p>Per (Stinrew) writes the following words about this project:<\/p>\n<p class=\"quote\">First I saw <a href=\"http:\/\/elektronikforumet.com\/forum\/viewtopic.php?t=25297\" target=\"_blank\" rel=\"noopener\">this thread<\/a>, after that I read the article and on page 40 of Elector nr. 1\/2008. When I was testing an electromagnet at XP-el, Pagge came by, and thought what I was doing looked interesting. We didn't make any further progress at that time, because it was Saturday and time for the 'Saturday buffet' at Mike's. About 2 hours later we were back from the buffet; with full stomachs and a thirst to create. While Pagge analyzed the wiring diagram, I set up a mock-up for testing purposes, and ~4 hours later we were cheering like crazy over our floating magnet, like a couple of happy 5-year-olds.\u201d<\/p>\n<p>Read the rest of the text <a href=\"http:\/\/elektronikforumet.com\/forum\/viewtopic.php?t=27326\" target=\"_blank\" rel=\"noopener\">in a thread on the Swedish Electronics Forum<\/a>.<\/p>\n<p>Some pictures:<\/p>\n<div id='gallery-1' class='gallery galleryid-143 gallery-columns-4 gallery-size-thumbnail'><figure class='gallery-item'>\n\t\t\t<div class='gallery-icon landscape'>\n\t\t\t\t<a href='https:\/\/www.xp-el.com\/eng\/projekt\/levitator\/konica-minolta-digital-camera-33\/'><img loading=\"lazy\" decoding=\"async\" width=\"150\" height=\"150\" src=\"https:\/\/www.xp-el.com\/wp-content\/uploads\/2013\/11\/PICT0185-150x150.jpg\" class=\"attachment-thumbnail size-thumbnail\" alt=\"\" \/><\/a>\n\t\t\t<\/div><\/figure><figure class='gallery-item'>\n\t\t\t<div class='gallery-icon landscape'>\n\t\t\t\t<a href='https:\/\/www.xp-el.com\/eng\/projekt\/levitator\/konica-minolta-digital-camera-34\/'><img loading=\"lazy\" decoding=\"async\" width=\"150\" height=\"150\" src=\"https:\/\/www.xp-el.com\/wp-content\/uploads\/2013\/11\/PICT0188-150x150.jpg\" class=\"attachment-thumbnail size-thumbnail\" alt=\"\" \/><\/a>\n\t\t\t<\/div><\/figure><figure class='gallery-item'>\n\t\t\t<div class='gallery-icon landscape'>\n\t\t\t\t<a href='https:\/\/www.xp-el.com\/eng\/projekt\/levitator\/konica-minolta-digital-camera-35\/'><img loading=\"lazy\" decoding=\"async\" width=\"150\" height=\"150\" src=\"https:\/\/www.xp-el.com\/wp-content\/uploads\/2013\/11\/PICT0190-150x150.jpg\" class=\"attachment-thumbnail size-thumbnail\" alt=\"\" \/><\/a>\n\t\t\t<\/div><\/figure><figure class='gallery-item'>\n\t\t\t<div class='gallery-icon landscape'>\n\t\t\t\t<a href='https:\/\/www.xp-el.com\/eng\/projekt\/levitator\/konica-minolta-digital-camera-36\/'><img loading=\"lazy\" decoding=\"async\" width=\"150\" height=\"150\" src=\"https:\/\/www.xp-el.com\/wp-content\/uploads\/2013\/11\/PICT0192-150x150.jpg\" class=\"attachment-thumbnail size-thumbnail\" alt=\"\" \/><\/a>\n\t\t\t<\/div><\/figure>\n\t\t<\/div>\n\n<p>Here is a video where Per demonstrates the Levitator:<br \/>\n<iframe loading=\"lazy\" src=\"https:\/\/www.youtube.com\/embed\/xNhy70F6mjw\" width=\"480\" height=\"320\" frameborder=\"0\" allowfullscreen=\"allowfullscreen\"><\/iframe><\/p>\n<p>Currently, the Levitator is housed at XP-el.<\/p>","protected":false},"excerpt":{"rendered":"<p>Levitatorn \u00e4r en apparat som kombinerar en elektromagnet och lite styrkretsar f\u00f6r att f\u00e5 saker att levitera i luften. Per (Stinrew) skriver f\u00f6ljande ord om det h\u00e4r projektet: &#8221;F\u00f6rst s\u00e5g jag den h\u00e4r tr\u00e5den, efter det l\u00e4ste jag artikeln p\u00e5 sidan 40 i elektor nr. 1\/2008. N\u00e4r jag stod och testade en elektromagnet nere p\u00e5 &hellip; <a href=\"https:\/\/www.xp-el.com\/eng\/projekt\/levitator\/\" class=\"more-link\">Continue reading <span class=\"screen-reader-text\">Levitator<\/span> <span class=\"meta-nav\">&rarr;<\/span><\/a><\/p>","protected":false},"author":1,"featured_media":0,"parent":138,"menu_order":0,"comment_status":"closed","ping_status":"closed","template":"","meta":{"footnotes":""},"class_list":["post-143","page","type-page","status-publish","hentry"],"_links":{"self":[{"href":"https:\/\/www.xp-el.com\/eng\/wp-json\/wp\/v2\/pages\/143","targetHints":{"allow":["GET"]}}],"collection":[{"href":"https:\/\/www.xp-el.com\/eng\/wp-json\/wp\/v2\/pages"}],"about":[{"href":"https:\/\/www.xp-el.com\/eng\/wp-json\/wp\/v2\/types\/page"}],"author":[{"embeddable":true,"href":"https:\/\/www.xp-el.com\/eng\/wp-json\/wp\/v2\/users\/1"}],"replies":[{"embeddable":true,"href":"https:\/\/www.xp-el.com\/eng\/wp-json\/wp\/v2\/comments?post=143"}],"version-history":[{"count":5,"href":"https:\/\/www.xp-el.com\/eng\/wp-json\/wp\/v2\/pages\/143\/revisions"}],"predecessor-version":[{"id":936,"href":"https:\/\/www.xp-el.com\/eng\/wp-json\/wp\/v2\/pages\/143\/revisions\/936"}],"up":[{"embeddable":true,"href":"https:\/\/www.xp-el.com\/eng\/wp-json\/wp\/v2\/pages\/138"}],"wp:attachment":[{"href":"https:\/\/www.xp-el.com\/eng\/wp-json\/wp\/v2\/media?parent=143"}],"curies":[{"name":"wp","href":"https:\/\/api.w.org\/{rel}","templated":true}]}}