{"id":154,"date":"2013-11-16T00:25:24","date_gmt":"2013-11-16T00:25:24","guid":{"rendered":"http:\/\/130.240.202.114\/?page_id=154"},"modified":"2023-12-27T15:23:52","modified_gmt":"2023-12-27T14:23:52","slug":"bli-medlem","status":"publish","type":"page","link":"https:\/\/www.xp-el.com\/eng\/bli-medlem\/","title":{"rendered":"Become a member"},"content":{"rendered":"<p>As a member, you have access to the premises and its equipment around the clock, all year round. You also have the opportunity to participate in all XP-el's <a title=\"Courses\" href=\"https:\/\/www.xp-el.com\/eng\/kurser\/\">courses<\/a> free of charge. As a new member, you have the opportunity to request a soldering kit, in order to learn how to solder components of various kinds. There is no requirement for prior experience in order to redeem a soldering kit.<\/p>\n<p><strong>How can I become a member?<\/strong><br \/>\nYou can visit XP-el's premises on one of our 'Open House' evenings which are held weekly on Tuesdays between 18:00 and 21:00. Alternatively, you can also <a title=\"Contact\" href=\"https:\/\/www.xp-el.com\/eng\/kontakta-oss\/\">Contact the Head of XP-el<\/a>, and decide on a time when you can meet up at XP-el. After you have signed XP-el's membership agreement and paid the membership fee, you will be added to the membership system and you will gain access to the premises through your LTU card. Membership costs 150 SEK per 12 months, and you can pay for it via Swish or cash.<\/p>\n<p>XP-el is located in the basement of the A building at Lule\u00e5 University of Technology; room number A1022.<\/p>\n<p><a href=\"https:\/\/www.xp-el.com\/wp-content\/uploads\/2019\/02\/avtal.pdf\">Membership Agreement<\/a><\/p>","protected":false},"excerpt":{"rendered":"<p>Som medlem har du tillg\u00e5ng till lokalen och dess utrustning dygnet runt, \u00e5ret runt. Du har ocks\u00e5 m\u00f6jlighet att delta p\u00e5 alla XP-el:s kurser kostnadsfritt. Som ny medlem har du m\u00f6jlighet att efterfr\u00e5ga ett l\u00f6dkit, i syfte att l\u00e4ra dig l\u00f6da komponenter av olika slag; det finns inget krav p\u00e5 tidigare erfarenhet. Hur blir jag &hellip; <a href=\"https:\/\/www.xp-el.com\/eng\/bli-medlem\/\" class=\"more-link\">Continue reading <span class=\"screen-reader-text\">Become a member<\/span> <span class=\"meta-nav\">&rarr;<\/span><\/a><\/p>","protected":false},"author":1,"featured_media":0,"parent":0,"menu_order":0,"comment_status":"closed","ping_status":"closed","template":"","meta":{"footnotes":""},"class_list":["post-154","page","type-page","status-publish","hentry"],"_links":{"self":[{"href":"https:\/\/www.xp-el.com\/eng\/wp-json\/wp\/v2\/pages\/154","targetHints":{"allow":["GET"]}}],"collection":[{"href":"https:\/\/www.xp-el.com\/eng\/wp-json\/wp\/v2\/pages"}],"about":[{"href":"https:\/\/www.xp-el.com\/eng\/wp-json\/wp\/v2\/types\/page"}],"author":[{"embeddable":true,"href":"https:\/\/www.xp-el.com\/eng\/wp-json\/wp\/v2\/users\/1"}],"replies":[{"embeddable":true,"href":"https:\/\/www.xp-el.com\/eng\/wp-json\/wp\/v2\/comments?post=154"}],"version-history":[{"count":18,"href":"https:\/\/www.xp-el.com\/eng\/wp-json\/wp\/v2\/pages\/154\/revisions"}],"predecessor-version":[{"id":901,"href":"https:\/\/www.xp-el.com\/eng\/wp-json\/wp\/v2\/pages\/154\/revisions\/901"}],"wp:attachment":[{"href":"https:\/\/www.xp-el.com\/eng\/wp-json\/wp\/v2\/media?parent=154"}],"curies":[{"name":"wp","href":"https:\/\/api.w.org\/{rel}","templated":true}]}}