{"id":156,"date":"2013-11-16T00:27:04","date_gmt":"2013-11-16T00:27:04","guid":{"rendered":"http:\/\/130.240.202.114\/?page_id=156"},"modified":"2024-08-26T15:38:40","modified_gmt":"2024-08-26T13:38:40","slug":"kontakta-oss","status":"publish","type":"page","link":"https:\/\/www.xp-el.com\/eng\/kontakta-oss\/","title":{"rendered":"Contact"},"content":{"rendered":"<p>XP-el has a Telegram group channel where you can ask general questions and get in contact with the XP-el board:<\/p>\n<p>You can contact the head of XP-el at xpel@datasektionen.com<\/p>\n<p>Vid n\u00f6dsituationer kan du \u00e4ven ringa ordf\u00f6rande p\u00e5 +46 70 550 39 07<\/p>\n<p>Sittande ordf\u00f6rande: Pontus Asservik<\/p>\n<p><a href=\"http:\/\/www.facebook.com\/xpelLTU\">Facebook: xpelLTU<\/a><\/p>","protected":false},"excerpt":{"rendered":"<p>XP-el har en Telegramgrupp d\u00e4r allm\u00e4nna fr\u00e5gor kan st\u00e4llas och d\u00e4r du kan komma i kontakt med styret: Du kan kontakta sittande ordf\u00f6rande p\u00e5 f\u00f6ljande mail: xpel@datasektionen.com Vid n\u00f6dsituationer kan du \u00e4ven ringa ordf\u00f6rande p\u00e5 +46 70 550 39 07 Sittande ordf\u00f6rande: Pontus Asservik Facebook: xpelLTU<\/p>","protected":false},"author":1,"featured_media":0,"parent":0,"menu_order":0,"comment_status":"closed","ping_status":"closed","template":"","meta":{"footnotes":""},"class_list":["post-156","page","type-page","status-publish","hentry"],"_links":{"self":[{"href":"https:\/\/www.xp-el.com\/eng\/wp-json\/wp\/v2\/pages\/156","targetHints":{"allow":["GET"]}}],"collection":[{"href":"https:\/\/www.xp-el.com\/eng\/wp-json\/wp\/v2\/pages"}],"about":[{"href":"https:\/\/www.xp-el.com\/eng\/wp-json\/wp\/v2\/types\/page"}],"author":[{"embeddable":true,"href":"https:\/\/www.xp-el.com\/eng\/wp-json\/wp\/v2\/users\/1"}],"replies":[{"embeddable":true,"href":"https:\/\/www.xp-el.com\/eng\/wp-json\/wp\/v2\/comments?post=156"}],"version-history":[{"count":21,"href":"https:\/\/www.xp-el.com\/eng\/wp-json\/wp\/v2\/pages\/156\/revisions"}],"predecessor-version":[{"id":951,"href":"https:\/\/www.xp-el.com\/eng\/wp-json\/wp\/v2\/pages\/156\/revisions\/951"}],"wp:attachment":[{"href":"https:\/\/www.xp-el.com\/eng\/wp-json\/wp\/v2\/media?parent=156"}],"curies":[{"name":"wp","href":"https:\/\/api.w.org\/{rel}","templated":true}]}}