{"id":17,"date":"2013-11-15T23:15:34","date_gmt":"2013-11-15T23:15:34","guid":{"rendered":"http:\/\/130.240.202.114\/?page_id=17"},"modified":"2024-11-07T21:36:50","modified_gmt":"2024-11-07T20:36:50","slug":"valkommen-till-xp-els-hemsida","status":"publish","type":"page","link":"https:\/\/www.xp-el.com\/eng\/","title":{"rendered":""},"content":{"rendered":"<h1 style=\"text-align: center;\"><strong>Welcome to XP-el!<\/strong><\/h1>\n<p style=\"text-align: center;\">We are the Electronics Association of Lule\u00e5 University of Technology.<\/p>\n<p style=\"text-align: center;\">XP-el is the association for you who likes to tinker with electronics, soldering, or manufacturing PCB's.<\/p>\n<p style=\"text-align: center;\">XP-el badges can be purchased from us for 20 SEK each. <a title=\"Contact\" href=\"https:\/\/www.xp-el.com\/eng\/kontakta-oss\/\">Contact the head of XP-el<\/a> in order to purchase one.<\/p>\n<p style=\"text-align: center;\"><strong><a href=\"https:\/\/drive.google.com\/folderview?id=1EJNj7YotLUYXekhegLR73gcZAC7SGbPv\">Mini course<\/a><\/strong><\/p>\n\n\n<h2 class=\"wp-block-heading has-text-align-center\">Kommande evenemang<\/h2>\n\n\n\n<div class=\"wp-block-group\"><div class=\"wp-block-group__inner-container is-layout-constrained wp-block-group-is-layout-constrained\">\n<script src=\"https:\/\/events.ludd.ltu.se\/gancio-events.es.js\"><\/script>\n<gancio-events baseurl=\"https:\/\/events.ludd.ltu.se\" tags=\"\ud83d\udca1 xpel\" show_recurrent=\"true\" sidebar=\"false\" theme=\"light\"><\/gancio-events>\n<\/div><\/div>","protected":false},"excerpt":{"rendered":"<p>V\u00e4lkommen till XP-el! Vi \u00e4r elektronikf\u00f6reningen p\u00e5 Lule\u00e5 tekniska universitet. XP-el \u00e4r f\u00f6reningen f\u00f6r dig som gillar att pyssla med elektronik, l\u00f6da och tillverka kretskort. XP-el tygm\u00e4rken finns att k\u00f6pa f\u00f6r 20 kr styck. Kontakta ordf\u00f6rande f\u00f6r att k\u00f6pa. Minikurs Kommande evenemang<\/p>","protected":false},"author":1,"featured_media":860,"parent":0,"menu_order":-5,"comment_status":"closed","ping_status":"closed","template":"","meta":{"footnotes":""},"class_list":["post-17","page","type-page","status-publish","has-post-thumbnail","hentry"],"_links":{"self":[{"href":"https:\/\/www.xp-el.com\/eng\/wp-json\/wp\/v2\/pages\/17","targetHints":{"allow":["GET"]}}],"collection":[{"href":"https:\/\/www.xp-el.com\/eng\/wp-json\/wp\/v2\/pages"}],"about":[{"href":"https:\/\/www.xp-el.com\/eng\/wp-json\/wp\/v2\/types\/page"}],"author":[{"embeddable":true,"href":"https:\/\/www.xp-el.com\/eng\/wp-json\/wp\/v2\/users\/1"}],"replies":[{"embeddable":true,"href":"https:\/\/www.xp-el.com\/eng\/wp-json\/wp\/v2\/comments?post=17"}],"version-history":[{"count":15,"href":"https:\/\/www.xp-el.com\/eng\/wp-json\/wp\/v2\/pages\/17\/revisions"}],"predecessor-version":[{"id":988,"href":"https:\/\/www.xp-el.com\/eng\/wp-json\/wp\/v2\/pages\/17\/revisions\/988"}],"wp:featuredmedia":[{"embeddable":true,"href":"https:\/\/www.xp-el.com\/eng\/wp-json\/wp\/v2\/media\/860"}],"wp:attachment":[{"href":"https:\/\/www.xp-el.com\/eng\/wp-json\/wp\/v2\/media?parent=17"}],"curies":[{"name":"wp","href":"https:\/\/api.w.org\/{rel}","templated":true}]}}