{"id":23,"date":"2013-11-15T23:25:00","date_gmt":"2013-11-15T23:25:00","guid":{"rendered":"http:\/\/130.240.202.114\/?page_id=23"},"modified":"2023-12-27T18:50:35","modified_gmt":"2023-12-27T17:50:35","slug":"historia","status":"publish","type":"page","link":"https:\/\/www.xp-el.com\/eng\/om-xp-el\/historia\/","title":{"rendered":"History"},"content":{"rendered":"<p>XP-el, an abbreviation of Experimental Workshop Electricity, is an Electronics Association situated Lule\u00e5 University of Technology.<\/p>\n<p>XP-el was founded in May 1975, then under the Machine Technology Section and in close collaboration with XP-M. XP-el later became a sub-association of the Data Section and later moved to its own locale.<\/p>\n<p>From its inception, XP-el were organizing electronics construction courses and similar activities. At that time, members were encouraged to repair their broken radios at XP-el. In addition to that, other electronic contraptions were built in the form of customized circuit boards and so much more.<\/p>\n<p>XP-el has changed premises a number of times. At the end of 1994, XP-el were forced to change to the room that is now the ventilation room for the server hall in Building A. See picture:<\/p>\n<p><a href=\"https:\/\/xp-el.com\/wp-content\/uploads\/2013\/11\/karta.png\"><img loading=\"lazy\" decoding=\"async\" class=\"alignnone size-medium wp-image-27\" src=\"https:\/\/xp-el.com\/wp-content\/uploads\/2013\/11\/karta-300x161.png\" alt=\"\" width=\"300\" height=\"161\" srcset=\"https:\/\/www.xp-el.com\/wp-content\/uploads\/2013\/11\/karta-300x161.png 300w, https:\/\/www.xp-el.com\/wp-content\/uploads\/2013\/11\/karta.png 780w\" sizes=\"auto, (max-width: 300px) 100vw, 300px\" \/><\/a><\/p>\n<p><a href=\"https:\/\/xp-el.com\/wp-content\/uploads\/2013\/11\/PC165024.jpg\"><img loading=\"lazy\" decoding=\"async\" class=\"alignnone size-medium wp-image-26\" src=\"https:\/\/xp-el.com\/wp-content\/uploads\/2013\/11\/PC165024-300x225.jpg\" alt=\"\" width=\"300\" height=\"225\" srcset=\"https:\/\/www.xp-el.com\/wp-content\/uploads\/2013\/11\/PC165024-300x225.jpg 300w, https:\/\/www.xp-el.com\/wp-content\/uploads\/2013\/11\/PC165024-1024x768.jpg 1024w, https:\/\/www.xp-el.com\/wp-content\/uploads\/2013\/11\/PC165024.jpg 2000w\" sizes=\"auto, (max-width: 300px) 100vw, 300px\" \/><\/a><\/p>\n<p>At the turn of the year 2015, House A underwent a major renovation, which meant that XP-el had the fortune to upgrade their locale, and were assigned to the old 'Microland' in House A. With the considerably larger premises, Nils Fredriksson (Head of XP-el. 2014-2015) and the rest of the board were able to upgrade equipment and better the association's opportunities and facilities considerably.<\/p>\n<p>With process ventilation and a dedicated chemistry corner (which is located far from the kitchen area), the locale can be used simultaneously by significantly more members than what the old one allowed for.<\/p>\n<p>XP-el's old workbenches were rebuilt and converted from double-sided to wall-mounted, and equipped with deep shelves of XP-els own design, which was well suited for instruments such as oscilloscopes, bench power supplies, frequency generators and so forth.<\/p>\n<p>Currently XP-el organizes an annual <a title=\"PCB Course\" href=\"https:\/\/www.xp-el.com\/eng\/kurser\/kretskortskurs\/\">PCB Course<\/a> where all students\/employees at LTU are welcome to learn how to make their own PCB's. The course is highly recommended for beginners who have an interest in electronics.<\/p>","protected":false},"excerpt":{"rendered":"<p>XP-el, en f\u00f6rkortning av Experimentverkstad El, \u00e4r en elektronikf\u00f6rening p\u00e5 Lule\u00e5 Tekniska Universitet. XP-el startades upp i maj 1975, d\u00e5 under Maskinteknologsektionen och i n\u00e4ra samarbete med XP-M. XP-el blev senare en underf\u00f6rening till Datasektionen och flyttade senare till en egen lokal. Redan i tidigt skede h\u00f6ll XP-el i byggkurser och liknande verksamhet. P\u00e5 den &hellip; <a href=\"https:\/\/www.xp-el.com\/eng\/om-xp-el\/historia\/\" class=\"more-link\">Continue reading <span class=\"screen-reader-text\">History<\/span> <span class=\"meta-nav\">&rarr;<\/span><\/a><\/p>","protected":false},"author":1,"featured_media":0,"parent":379,"menu_order":1,"comment_status":"closed","ping_status":"closed","template":"","meta":{"footnotes":""},"class_list":["post-23","page","type-page","status-publish","hentry"],"_links":{"self":[{"href":"https:\/\/www.xp-el.com\/eng\/wp-json\/wp\/v2\/pages\/23","targetHints":{"allow":["GET"]}}],"collection":[{"href":"https:\/\/www.xp-el.com\/eng\/wp-json\/wp\/v2\/pages"}],"about":[{"href":"https:\/\/www.xp-el.com\/eng\/wp-json\/wp\/v2\/types\/page"}],"author":[{"embeddable":true,"href":"https:\/\/www.xp-el.com\/eng\/wp-json\/wp\/v2\/users\/1"}],"replies":[{"embeddable":true,"href":"https:\/\/www.xp-el.com\/eng\/wp-json\/wp\/v2\/comments?post=23"}],"version-history":[{"count":8,"href":"https:\/\/www.xp-el.com\/eng\/wp-json\/wp\/v2\/pages\/23\/revisions"}],"predecessor-version":[{"id":911,"href":"https:\/\/www.xp-el.com\/eng\/wp-json\/wp\/v2\/pages\/23\/revisions\/911"}],"up":[{"embeddable":true,"href":"https:\/\/www.xp-el.com\/eng\/wp-json\/wp\/v2\/pages\/379"}],"wp:attachment":[{"href":"https:\/\/www.xp-el.com\/eng\/wp-json\/wp\/v2\/media?parent=23"}],"curies":[{"name":"wp","href":"https:\/\/api.w.org\/{rel}","templated":true}]}}