{"id":34,"date":"2013-11-15T23:34:16","date_gmt":"2013-11-15T23:34:16","guid":{"rendered":"http:\/\/130.240.202.114\/?page_id=34"},"modified":"2020-09-01T21:44:35","modified_gmt":"2020-09-01T19:44:35","slug":"guider","status":"publish","type":"page","link":"https:\/\/www.xp-el.com\/eng\/guider\/","title":{"rendered":"Guides"},"content":{"rendered":"<div id=\"article\">\n<ul>\n<li><a href=\"https:\/\/xp-el.com\/wp-content\/uploads\/2020\/09\/Lo\u0308dkit.pdf\">Soldering kit Instruction paper<\/a><\/li>\n<li><a href=\"http:\/\/electronicsclub.info\/soldering.htm\" target=\"_blank\" rel=\"noopener noreferrer\">How to Solder<\/a><\/li>\n<li><a href=\"https:\/\/www.youtube.com\/watch?v=VxMV6wGS3NY\" target=\"_blank\" rel=\"noopener noreferrer\">How to Solder (video)<\/a><\/li>\n<li>A very good introduction to 'Eagle' can be found on YouTube. Start watching <a href=\"http:\/\/youtu.be\/qG0O9LKH-_E\" target=\"_blank\" rel=\"noopener noreferrer\">part 1<\/a> and click your way through. There are also good YouTube clips such as <a href=\"http:\/\/youtu.be\/I_NU2ruzyc4\" target=\"_blank\" rel=\"noopener noreferrer\">'Learn how to solder the right way'<\/a>.<\/li>\n<li>Need to decode a resistor? Check out <a href=\"http:\/\/xp-el.com\/wp-content\/uploads\/2013\/11\/resistor.png\">this table<\/a>.<\/li>\n<li><a href=\"http:\/\/www.societyofrobots.com\/electronics_Eagle3D_tutorial.shtml\" target=\"_blank\" rel=\"noopener noreferrer\">Render your Eagle design in 3D.<\/a>.<\/li>\n<li>Got an Android phone? Then you can download <a href=\"http:\/\/demisoft.altervista.org\/_siti_interni\/electrodroid\/\" target=\"_blank\" rel=\"noopener noreferrer\">Electrodroid<\/a>an app with easily digestible information about tonnes of electronics<br \/>\n<img decoding=\"async\" title=\"Skanna den h\u00e4r koden f\u00f6r att ladda ned Electrodroid.\" src=\"Scan this code to download Electrodroid.\" alt=\"\" \/><\/li>\n<li><a class=\"pdf\" href=\"http:\/\/xp-el.com\/wp-content\/uploads\/2013\/11\/Creating-gerber-files-in-Eagle.pdf\">Creating gerber files in Eagle<\/a><\/li>\n<\/ul>\n<h2><strong>Sources of inspiration:<\/strong><\/h2>\n<ul>\n<li><a href=\"http:\/\/www.instructables.com\" target=\"_blank\" rel=\"noopener noreferrer\">Instructables<\/a><\/li>\n<li><a href=\"http:\/\/www.hackaday.io\" target=\"_blank\" rel=\"noopener noreferrer\">Hackaday IO<\/a><\/li>\n<\/ul>\n<h2>Computer Tools<\/h2>\n<ul>\n<li><a href=\"https:\/\/www.falstad.com\/circuit\/\" target=\"_blank\" rel=\"noopener noreferrer\">Handy circuit simulator<\/a><\/li>\n<\/ul>\n<\/div>","protected":false},"excerpt":{"rendered":"<p>L\u00f6dkit Instruktionspapper How to Solder How to Solder (video) En v\u00e4ldigt bra introduktion till Eagle finns p\u00e5 YouTube. B\u00f6rja titta p\u00e5 del 1 och klicka dig vidare eftersom. Det finns ocks\u00e5 bra YouTube-klipp som l\u00e4r dig l\u00f6da p\u00e5 r\u00e4tt s\u00e4tt. Beh\u00f6ver du avkoda ett motst\u00e5nd? Kolla p\u00e5 den h\u00e4r tabellen. Rendera din Eagle-design i 3D. &hellip; <a href=\"https:\/\/www.xp-el.com\/eng\/guider\/\" class=\"more-link\">Continue reading <span class=\"screen-reader-text\">Guides<\/span> <span class=\"meta-nav\">&rarr;<\/span><\/a><\/p>","protected":false},"author":1,"featured_media":0,"parent":0,"menu_order":4,"comment_status":"closed","ping_status":"closed","template":"","meta":{"footnotes":""},"class_list":["post-34","page","type-page","status-publish","hentry"],"_links":{"self":[{"href":"https:\/\/www.xp-el.com\/eng\/wp-json\/wp\/v2\/pages\/34","targetHints":{"allow":["GET"]}}],"collection":[{"href":"https:\/\/www.xp-el.com\/eng\/wp-json\/wp\/v2\/pages"}],"about":[{"href":"https:\/\/www.xp-el.com\/eng\/wp-json\/wp\/v2\/types\/page"}],"author":[{"embeddable":true,"href":"https:\/\/www.xp-el.com\/eng\/wp-json\/wp\/v2\/users\/1"}],"replies":[{"embeddable":true,"href":"https:\/\/www.xp-el.com\/eng\/wp-json\/wp\/v2\/comments?post=34"}],"version-history":[{"count":11,"href":"https:\/\/www.xp-el.com\/eng\/wp-json\/wp\/v2\/pages\/34\/revisions"}],"predecessor-version":[{"id":764,"href":"https:\/\/www.xp-el.com\/eng\/wp-json\/wp\/v2\/pages\/34\/revisions\/764"}],"wp:attachment":[{"href":"https:\/\/www.xp-el.com\/eng\/wp-json\/wp\/v2\/media?parent=34"}],"curies":[{"name":"wp","href":"https:\/\/api.w.org\/{rel}","templated":true}]}}