{"id":36,"date":"2013-11-15T23:35:09","date_gmt":"2013-11-15T23:35:09","guid":{"rendered":"http:\/\/130.240.202.114\/?page_id=36"},"modified":"2023-12-28T21:47:13","modified_gmt":"2023-12-28T20:47:13","slug":"kretskortskurs","status":"publish","type":"page","link":"https:\/\/www.xp-el.com\/eng\/kurser\/kretskortskurs\/","title":{"rendered":"The PCB Course"},"content":{"rendered":"<p>XP-el arranges a PCB (Printed Circuit Board) course annually, which usually takes place in the first quarter of the year. The course is free for XP-el members but costs 50SEK for students\/staff at LTU.<\/p>\n<p>During the course you have the opportunity to build a PCB from scratch. XP-el provides two ready-made project suggestions; a 'blink-blink' (easy) and an 'AVR programmer' (hard). It is of course perfectly fine to decide on your own soldering project, and get help with it during the course.<\/p>\n<p>When you have decided what soldering project you'd like to do, you'll start by creating the PCB digitally. You will learn how to connect components, route traces and place them on the PCB.<\/p>\n<p>The course consists of two evening sessions where experienced members of XP-el are on site to assist you with your project. It is strongly recommended that you <a href=\"http:\/\/www.cadsoft.de\/download.htm\" target=\"_blank\" rel=\"noopener\">download the Eagle CAD software<\/a> and work on the design at home; if you suspect that you will not have enough time to finish the design in the two evening sessions. XP-el recommends that you bring your project on a USB stick so that you can easily transport your project from XP-el's computers and your home comouter.<\/p>\n<p>When you're done with your design, the fun begins! You will get to etch your PCB and then start soldering! For etching, you need to schedule a time with the head of XP-el. There will be members to help you with the manufacturing (see pictures below) during the course.<\/p>\n<p>The PCB course is a collaboration between <a href=\"https:\/\/www.ltu.se\/org\/srt\">Computer Science, Electrical and Space Engineering (SRT)<\/a> and XP-el, where SRT provides the locale and materials, and XP-el provides course instructors and reading instructions. If you finish the PCB course and you found it to be interesting, the university courses <a href=\"http:\/\/www.ltu.se\/edu\/course\/E00\/E0007E\/E0007E-Elektronik-1.67874?kursView=kursplan\" target=\"_blank\" rel=\"noopener\">Electronics<\/a> and <a href=\"http:\/\/www.ltu.se\/edu\/course\/E70\/E7014E\/E7014E-Elektronik-II-1.67923?kursView=kursplan\" target=\"_blank\" rel=\"noopener\">Electronics II are strongly recommended<\/a>.<\/p>\n<h2>Upcoming courses<\/h2>\n<p><code>[eme_events category=7]<\/code><\/p>\n<h2>Instructions KiCAD \u2013 LED dimmer<\/h2>\n<p>Soon \u2122<\/p>\n<h2>Instructions Eagle \u2013 LED dimmer<\/h2>\n<p>Here is a .zip file that contains everything you need to get started with programming the LED dimmer in Eagle:\u00a0<a href=\"https:\/\/xp-el.com\/wp-content\/uploads\/2017\/01\/LEDDimmer.zip\">LEDDimmer<\/a><\/p>\n<p>You also have the instructions here:\u00a0<a href=\"https:\/\/xp-el.com\/wp-content\/uploads\/2017\/01\/Instruktion.pdf\">Instructions<\/a><\/p>\n<h2>Instructions - OLD<\/h2>\n<p>Here are links to the instructions which XP-el uses in the PCB if you want to sneak start at home:<\/p>\n<p><a title=\"Tutorial\" href=\"http:\/\/xp-el.com\/wp-content\/uploads\/2013\/11\/Handledning.pdf\">Tutorial<\/a><br \/>\n<a href=\"http:\/\/xp-el.com\/wp-content\/uploads\/2013\/11\/Installation.pdf\">Installation of Eagle<\/a><br \/>\n<a href=\"http:\/\/xp-el.com\/wp-content\/uploads\/2013\/11\/Schema.pdf\">How to create a schematic in Eagle<\/a><br \/>\n<a href=\"http:\/\/xp-el.com\/wp-content\/uploads\/2013\/11\/DC-plug.pdf\">How to create the DC-plug<\/a><br \/>\n<a href=\"http:\/\/xp-el.com\/wp-content\/uploads\/2013\/11\/Layout.pdf\">How to create your own layout in Eagle<\/a><br \/>\n<a href=\"http:\/\/xp-el.com\/wp-content\/uploads\/2013\/11\/Etsning.pdf\">Etching at home<\/a><br \/>\n<a href=\"http:\/\/xp-el.com\/wp-content\/uploads\/2013\/11\/blink-blink-schematic.png\">Blink-Blink schematic<\/a><\/p>\n<p>If you would like to try your hands on the AVR programmer, we strongly recommend that you also read the following documents:<\/p>\n<p><a href=\"http:\/\/xp-el.com\/wp-content\/uploads\/2013\/11\/AVR-programmerare.pdf\">AVR programming schematic<\/a><\/p>","protected":false},"excerpt":{"rendered":"<p>XP-el arrangerar en kretskortkurs \u00e5rligen, som oftast tar plats under v\u00e5ren. Kursen \u00e4r gratis f\u00f6r medlemmar men kostar 50kr f\u00f6r \u00f6vriga studenter\/personal vid LTU. Under kursens g\u00e5ng kommer du att f\u00e5 bygga ett kretskort fr\u00e5n grunden. XP-el tillhandah\u00e5ller tv\u00e5 f\u00e4rdiga f\u00f6reslag; en blink-blink (l\u00e4tt) eller en AVR-programmerare (sv\u00e5r). Det \u00e4r s\u00e5klart helt OK att genomf\u00f6ra &hellip; <a href=\"https:\/\/www.xp-el.com\/eng\/kurser\/kretskortskurs\/\" class=\"more-link\">Continue reading <span class=\"screen-reader-text\">The PCB Course<\/span> <span class=\"meta-nav\">&rarr;<\/span><\/a><\/p>","protected":false},"author":1,"featured_media":0,"parent":523,"menu_order":5,"comment_status":"closed","ping_status":"closed","template":"","meta":{"footnotes":""},"class_list":["post-36","page","type-page","status-publish","hentry"],"_links":{"self":[{"href":"https:\/\/www.xp-el.com\/eng\/wp-json\/wp\/v2\/pages\/36","targetHints":{"allow":["GET"]}}],"collection":[{"href":"https:\/\/www.xp-el.com\/eng\/wp-json\/wp\/v2\/pages"}],"about":[{"href":"https:\/\/www.xp-el.com\/eng\/wp-json\/wp\/v2\/types\/page"}],"author":[{"embeddable":true,"href":"https:\/\/www.xp-el.com\/eng\/wp-json\/wp\/v2\/users\/1"}],"replies":[{"embeddable":true,"href":"https:\/\/www.xp-el.com\/eng\/wp-json\/wp\/v2\/comments?post=36"}],"version-history":[{"count":16,"href":"https:\/\/www.xp-el.com\/eng\/wp-json\/wp\/v2\/pages\/36\/revisions"}],"predecessor-version":[{"id":940,"href":"https:\/\/www.xp-el.com\/eng\/wp-json\/wp\/v2\/pages\/36\/revisions\/940"}],"up":[{"embeddable":true,"href":"https:\/\/www.xp-el.com\/eng\/wp-json\/wp\/v2\/pages\/523"}],"wp:attachment":[{"href":"https:\/\/www.xp-el.com\/eng\/wp-json\/wp\/v2\/media?parent=36"}],"curies":[{"name":"wp","href":"https:\/\/api.w.org\/{rel}","templated":true}]}}