{"id":379,"date":"2017-04-10T20:04:40","date_gmt":"2017-04-10T19:04:40","guid":{"rendered":"http:\/\/xp-el.com\/?page_id=379"},"modified":"2017-04-10T20:04:40","modified_gmt":"2017-04-10T19:04:40","slug":"om-xp-el","status":"publish","type":"page","link":"https:\/\/www.xp-el.com\/eng\/om-xp-el\/","title":{"rendered":"About XP-el"},"content":{"rendered":"<p>Through membership of XP-el you will gain access to a lot of equipment which would otherwise be rather expensive to purchase. In addition to the equipment, you will be able to come into contact with people who possess a great amount of knowledge within the electronics field.<\/p>\n<p>Some of the equipment which will be at your disposal:<\/p>\n<ul>\n<li>Oscilloscope<\/li>\n<li>Bench power supplies<\/li>\n<li>Soldering stations<\/li>\n<li>PCB laminator<\/li>\n<li>Modern equipment for UV exposure<\/li>\n<li>Etching fluid<\/li>\n<li>Drills, cutters, sanders and other tools<\/li>\n<li>Condensators, capacitors, resistors and so forth<\/li>\n<li>A \"bargain shelf\" where all sorts of goodies hide!<\/li>\n<li>3D printer<\/li>\n<\/ul>\n<p>If, against all odds, you need something which is not at our disposal,  then there's also the possibility for us to purchase additional equipment.<\/p>\n<p>We also sell soft drinks, snacks and candy for affordable prices; which is perfect for when you've forgotten your lunchbox or you're in need a sugar rush! For those of you remembered your lunch boxes, we also have a wide assortment of microwaves and a refrigerator and freezer specifically for members.<\/p>","protected":false},"excerpt":{"rendered":"<p>Genom medlemsskap i XP-el f\u00e5r du tillg\u00e5ng till mycket utrustning som annars kan kosta en rej\u00e4l peng. F\u00f6rutom utrustningen kommer du i kontakt med personer med stor kunskap. En del av utrustningen som du f\u00e5r till ditt f\u00f6rfogande: Oscilloskop Sp\u00e4nningskuber L\u00f6dstationer Kretskortslaminat En modern apparat f\u00f6r UV-exponering Etsv\u00e4tska Borrar och andra verktyg Kondensatorer, motst\u00e5nd, med &hellip; <a href=\"https:\/\/www.xp-el.com\/eng\/om-xp-el\/\" class=\"more-link\">Continue reading <span class=\"screen-reader-text\">About XP-el<\/span> <span class=\"meta-nav\">&rarr;<\/span><\/a><\/p>","protected":false},"author":4,"featured_media":0,"parent":0,"menu_order":0,"comment_status":"closed","ping_status":"closed","template":"","meta":{"footnotes":""},"class_list":["post-379","page","type-page","status-publish","hentry"],"_links":{"self":[{"href":"https:\/\/www.xp-el.com\/eng\/wp-json\/wp\/v2\/pages\/379","targetHints":{"allow":["GET"]}}],"collection":[{"href":"https:\/\/www.xp-el.com\/eng\/wp-json\/wp\/v2\/pages"}],"about":[{"href":"https:\/\/www.xp-el.com\/eng\/wp-json\/wp\/v2\/types\/page"}],"author":[{"embeddable":true,"href":"https:\/\/www.xp-el.com\/eng\/wp-json\/wp\/v2\/users\/4"}],"replies":[{"embeddable":true,"href":"https:\/\/www.xp-el.com\/eng\/wp-json\/wp\/v2\/comments?post=379"}],"version-history":[{"count":1,"href":"https:\/\/www.xp-el.com\/eng\/wp-json\/wp\/v2\/pages\/379\/revisions"}],"predecessor-version":[{"id":380,"href":"https:\/\/www.xp-el.com\/eng\/wp-json\/wp\/v2\/pages\/379\/revisions\/380"}],"wp:attachment":[{"href":"https:\/\/www.xp-el.com\/eng\/wp-json\/wp\/v2\/media?parent=379"}],"curies":[{"name":"wp","href":"https:\/\/api.w.org\/{rel}","templated":true}]}}