{"id":519,"date":"2018-02-25T17:15:26","date_gmt":"2018-02-25T16:15:26","guid":{"rendered":"http:\/\/xp-el.com\/?page_id=519"},"modified":"2018-02-26T15:58:19","modified_gmt":"2018-02-26T14:58:19","slug":"3d-intro","status":"publish","type":"page","link":"https:\/\/www.xp-el.com\/eng\/kurser\/3d-intro\/","title":{"rendered":"3D-Intro"},"content":{"rendered":"<p>During this course we will go through the basics of how to prepare and print a model on our 3D printers. The goal of the course is for you to be able to print out your own models without assistance. The course will cover:<\/p>\n<ul>\n<li>Where to find 3D models online<\/li>\n<li>How to prepare a file for 3D printing<\/li>\n<li>Various settings and how they affect printing<\/li>\n<li>How to change plastic type, color and material settings<\/li>\n<li>Calibration of the printer, temperature and different materials<\/li>\n<\/ul>\n<p>The course will provide you the knowledge of how to get started with printing from our 3D printer. This course will <span style=\"text-decoration: underline;\">not<\/span> go through how to draw your own models, but we will show you how to get started with altering and adapting existing models on your own.<\/p>\n<h2>Upcoming courses<\/h2>\n<p><code>[eme_events category=8]<\/code><\/p>","protected":false},"excerpt":{"rendered":"<p>I denna kurs kommer vi att g\u00e5 igenom grunderna i hur man f\u00f6rbereder och skriver ut en modell p\u00e5 v\u00e5r 3D-skrivare. M\u00e5let med kursen \u00e4r att du skall sj\u00e4lv kunna skriva ut egna modeller. Under kursens g\u00e5ng kommer vi g\u00e5 igenom: Var man hittar 3D-modeller Hur man f\u00f6rbereder en fil f\u00f6r 3D-utskrift Diverse inst\u00e4llningar och &hellip; <a href=\"https:\/\/www.xp-el.com\/eng\/kurser\/3d-intro\/\" class=\"more-link\">Continue reading <span class=\"screen-reader-text\">3D-Intro<\/span> <span class=\"meta-nav\">&rarr;<\/span><\/a><\/p>","protected":false},"author":4,"featured_media":0,"parent":523,"menu_order":0,"comment_status":"closed","ping_status":"closed","template":"","meta":{"footnotes":""},"class_list":["post-519","page","type-page","status-publish","hentry"],"_links":{"self":[{"href":"https:\/\/www.xp-el.com\/eng\/wp-json\/wp\/v2\/pages\/519","targetHints":{"allow":["GET"]}}],"collection":[{"href":"https:\/\/www.xp-el.com\/eng\/wp-json\/wp\/v2\/pages"}],"about":[{"href":"https:\/\/www.xp-el.com\/eng\/wp-json\/wp\/v2\/types\/page"}],"author":[{"embeddable":true,"href":"https:\/\/www.xp-el.com\/eng\/wp-json\/wp\/v2\/users\/4"}],"replies":[{"embeddable":true,"href":"https:\/\/www.xp-el.com\/eng\/wp-json\/wp\/v2\/comments?post=519"}],"version-history":[{"count":7,"href":"https:\/\/www.xp-el.com\/eng\/wp-json\/wp\/v2\/pages\/519\/revisions"}],"predecessor-version":[{"id":536,"href":"https:\/\/www.xp-el.com\/eng\/wp-json\/wp\/v2\/pages\/519\/revisions\/536"}],"up":[{"embeddable":true,"href":"https:\/\/www.xp-el.com\/eng\/wp-json\/wp\/v2\/pages\/523"}],"wp:attachment":[{"href":"https:\/\/www.xp-el.com\/eng\/wp-json\/wp\/v2\/media?parent=519"}],"curies":[{"name":"wp","href":"https:\/\/api.w.org\/{rel}","templated":true}]}}