{"id":580,"date":"2018-10-17T14:10:41","date_gmt":"2018-10-17T13:10:41","guid":{"rendered":"http:\/\/xp-el.com\/?page_id=580"},"modified":"2024-12-07T12:43:58","modified_gmt":"2024-12-07T11:43:58","slug":"arduino-introduktionskurs","status":"publish","type":"page","link":"https:\/\/www.xp-el.com\/eng\/kurser\/arduino-introduktionskurs\/","title":{"rendered":"Arduino Introductory Course"},"content":{"rendered":"<h2 class=\"wp-block-heading\">Upcoming courses<\/h2>\n\n\n\n<p><\/p>\n\n\n\n<p>2024-09-14 [Anm\u00e4lan st\u00e4ngd]<\/p>\n\n\n\n<p>2024-12-07 <a href=\"https:\/\/docs.google.com\/forms\/d\/e\/1FAIpQLScP-1WVGRfrCvzsq4WQOmD6s_thqzNgH7nh2Zq_j3by-XnRpQ\/viewform?usp=sf_link\">[Anm\u00e4lan]<\/a><\/p>\n\n\n\n<h2 class=\"wp-block-heading\">Course objectives<\/h2>\n\n\n\n<p>Syftet med kursen \u00e4r att deltagarna ska f\u00e5 grundl\u00e4ggande kunskap kring mikrokontrollern \u2019Arduino UNO R3\u2019 och hur den kan till\u00e4mpas i olika projekt. Kursen kr\u00e4ver ingen f\u00f6rkunskap inom programmering eller elektronik.<br><\/p>\n\n\n\n<p>Participants are expected to:<\/p>\n\n\n\n<ul class=\"wp-block-list\">\n<li>Install and configure the Arduino IDE programming environment<\/li>\n<\/ul>\n\n\n\n<ul class=\"wp-block-list\">\n<li>Make use of the tools available in the Arduino IDE; for example the serial monitor<\/li>\n<\/ul>\n\n\n\n<ul class=\"wp-block-list\">\n<li>Write simple programs in Arduino IDE<\/li>\n<\/ul>\n\n\n\n<ul class=\"wp-block-list\">\n<li>Connect and upload code to the Arduino UNO R3<\/li>\n<\/ul>\n\n\n\n<ul class=\"wp-block-list\">\n<li>Identify the different types of pinss on the Arduino board<\/li>\n<\/ul>\n\n\n\n<ul class=\"wp-block-list\">\n<li>Read and write analog signals<\/li>\n<\/ul>\n\n\n\n<ul class=\"wp-block-list\">\n<li>Read and write digital signals<\/li>\n\n\n\n<li>Carry out the course exercises<\/li>\n<\/ul>\n\n\n\n<h2 class=\"wp-block-heading\">Execution of the course<\/h2>\n\n\n\n<p>The Arduino UNO R3 is a well-known micro controller that has been used in countless hobby projects. It is a well-equipped micro controller which, among other things, can be used to control servomotors, read signals from various sensors, regulate systems and send and receive data.<\/p>\n\n\n\n<p>The course consists of 3 parts. The first step is a review of the programming environment, the code that will be used, and the different physical parts of the Arduino board. The second step is the construction of a simple circuit, which is to be completed with code. The final step is to complete the course exercises which involve constructing more advanced circuits, where the participants will write a functional program by combining different preexisting functions.<\/p>\n\n\n\n<h2 class=\"wp-block-heading\">Document<\/h2>\n\n\n\n<p><a href=\"https:\/\/web.archive.org\/web\/20240228115333\/https:\/\/xp-el.com\/wp-content\/uploads\/2018\/10\/Syllabus.pdf\">Syllabus_en.pdf<\/a><br><a href=\"https:\/\/www.xp-el.com\/wp-content\/uploads\/2024\/12\/Exercise-1-6.pdf\">Exercises1-6.pdf<\/a><br><a href=\"https:\/\/web.archive.org\/web\/20240228115333\/https:\/\/xp-el.com\/wp-content\/uploads\/2018\/12\/info.pdf\">Useful information<\/a><br><a href=\"https:\/\/web.archive.org\/web\/20240228115333\/https:\/\/xp-el.com\/wp-content\/uploads\/2018\/12\/Merged4.pdf\">Shiftregister<\/a><\/p>\n\n\n\n<h2 class=\"wp-block-heading\">After completing the course<\/h2>\n\n\n\n<p><\/p>\n\n\n\n<h2 class=\"wp-block-heading\"><\/h2>","protected":false},"excerpt":{"rendered":"<p>Kommande kurstillf\u00e4llen 2024-09-14 [Anm\u00e4lan st\u00e4ngd] 2024-12-07 [Anm\u00e4lan] Kursm\u00e5l Syftet med kursen \u00e4r att deltagarna ska f\u00e5 grundl\u00e4ggande kunskap kring mikrokontrollern \u2019Arduino UNO R3\u2019 och hur den kan till\u00e4mpas i olika projekt. Kursen kr\u00e4ver ingen f\u00f6rkunskap inom programmering eller elektronik. Deltagarna f\u00f6rv\u00e4ntas att: Kursens utf\u00f6rande. Arduino UNO R3 \u00e4r en v\u00e4lk\u00e4nd mikrokontroller som anv\u00e4nts i otaliga &hellip; <a href=\"https:\/\/www.xp-el.com\/eng\/kurser\/arduino-introduktionskurs\/\" class=\"more-link\">Continue reading <span class=\"screen-reader-text\">Arduino Introductory Course<\/span> <span class=\"meta-nav\">&rarr;<\/span><\/a><\/p>","protected":false},"author":7,"featured_media":578,"parent":523,"menu_order":0,"comment_status":"closed","ping_status":"closed","template":"","meta":{"footnotes":""},"class_list":["post-580","page","type-page","status-publish","has-post-thumbnail","hentry"],"_links":{"self":[{"href":"https:\/\/www.xp-el.com\/eng\/wp-json\/wp\/v2\/pages\/580","targetHints":{"allow":["GET"]}}],"collection":[{"href":"https:\/\/www.xp-el.com\/eng\/wp-json\/wp\/v2\/pages"}],"about":[{"href":"https:\/\/www.xp-el.com\/eng\/wp-json\/wp\/v2\/types\/page"}],"author":[{"embeddable":true,"href":"https:\/\/www.xp-el.com\/eng\/wp-json\/wp\/v2\/users\/7"}],"replies":[{"embeddable":true,"href":"https:\/\/www.xp-el.com\/eng\/wp-json\/wp\/v2\/comments?post=580"}],"version-history":[{"count":33,"href":"https:\/\/www.xp-el.com\/eng\/wp-json\/wp\/v2\/pages\/580\/revisions"}],"predecessor-version":[{"id":993,"href":"https:\/\/www.xp-el.com\/eng\/wp-json\/wp\/v2\/pages\/580\/revisions\/993"}],"up":[{"embeddable":true,"href":"https:\/\/www.xp-el.com\/eng\/wp-json\/wp\/v2\/pages\/523"}],"wp:featuredmedia":[{"embeddable":true,"href":"https:\/\/www.xp-el.com\/eng\/wp-json\/wp\/v2\/media\/578"}],"wp:attachment":[{"href":"https:\/\/www.xp-el.com\/eng\/wp-json\/wp\/v2\/media?parent=580"}],"curies":[{"name":"wp","href":"https:\/\/api.w.org\/{rel}","templated":true}]}}