{"id":682,"date":"2019-02-12T20:03:47","date_gmt":"2019-02-12T19:03:47","guid":{"rendered":"http:\/\/xp-el.com\/?page_id=682"},"modified":"2023-12-28T15:09:10","modified_gmt":"2023-12-28T14:09:10","slug":"sponsors","status":"publish","type":"page","link":"https:\/\/www.xp-el.com\/eng\/sponsors\/","title":{"rendered":"Sponsors"},"content":{"rendered":"<div class=\"wp-block-media-text is-stacked-on-mobile\"><figure class=\"wp-block-media-text__media\"><img loading=\"lazy\" decoding=\"async\" width=\"1002\" height=\"1024\" src=\"https:\/\/www.xp-el.com\/wp-content\/uploads\/2023\/12\/Little-Helper-Thinker-1002x1024.png\" alt=\"\" class=\"wp-image-923 size-full\" srcset=\"https:\/\/www.xp-el.com\/wp-content\/uploads\/2023\/12\/Little-Helper-Thinker-1002x1024.png 1002w, https:\/\/www.xp-el.com\/wp-content\/uploads\/2023\/12\/Little-Helper-Thinker-294x300.png 294w, https:\/\/www.xp-el.com\/wp-content\/uploads\/2023\/12\/Little-Helper-Thinker-768x785.png 768w, https:\/\/www.xp-el.com\/wp-content\/uploads\/2023\/12\/Little-Helper-Thinker-1503x1536.png 1503w, https:\/\/www.xp-el.com\/wp-content\/uploads\/2023\/12\/Little-Helper-Thinker-2004x2048.png 2004w, https:\/\/www.xp-el.com\/wp-content\/uploads\/2023\/12\/Little-Helper-Thinker-12x12.png 12w\" sizes=\"auto, (max-width: 1002px) 100vw, 1002px\" \/><\/figure><div class=\"wp-block-media-text__content\">\n<p>Currently XP-el does not have any sponsors, but we're doing our best to find some! If you are interested in sponsoring us by contributing with tools, software or hardware, then please  contact us via email at <a href=\"mailto:xpel@datasektionen.com\">xpel@datasektionen.com<\/a><\/p>\n<\/div><\/div>","protected":false},"excerpt":{"rendered":"<p>Just nu har XP-el inte n\u00e5gra sponsorer, men vi letar f\u00f6r fullt! Om ni \u00e4r intresserade att bidra med sponsring av utrustning, verktyg eller mjukvara, kontakta oss d\u00e5 g\u00e4rna via xpel@datasektionen.com<\/p>","protected":false},"author":1,"featured_media":0,"parent":0,"menu_order":0,"comment_status":"closed","ping_status":"closed","template":"","meta":{"footnotes":""},"class_list":["post-682","page","type-page","status-publish","hentry"],"_links":{"self":[{"href":"https:\/\/www.xp-el.com\/eng\/wp-json\/wp\/v2\/pages\/682","targetHints":{"allow":["GET"]}}],"collection":[{"href":"https:\/\/www.xp-el.com\/eng\/wp-json\/wp\/v2\/pages"}],"about":[{"href":"https:\/\/www.xp-el.com\/eng\/wp-json\/wp\/v2\/types\/page"}],"author":[{"embeddable":true,"href":"https:\/\/www.xp-el.com\/eng\/wp-json\/wp\/v2\/users\/1"}],"replies":[{"embeddable":true,"href":"https:\/\/www.xp-el.com\/eng\/wp-json\/wp\/v2\/comments?post=682"}],"version-history":[{"count":13,"href":"https:\/\/www.xp-el.com\/eng\/wp-json\/wp\/v2\/pages\/682\/revisions"}],"predecessor-version":[{"id":934,"href":"https:\/\/www.xp-el.com\/eng\/wp-json\/wp\/v2\/pages\/682\/revisions\/934"}],"wp:attachment":[{"href":"https:\/\/www.xp-el.com\/eng\/wp-json\/wp\/v2\/media?parent=682"}],"curies":[{"name":"wp","href":"https:\/\/api.w.org\/{rel}","templated":true}]}}